{"id":4623,"date":"2023-11-21T14:35:24","date_gmt":"2023-11-21T14:35:24","guid":{"rendered":"https:\/\/kuempersneu.rf-computer.de\/?page_id=4623"},"modified":"2024-11-04T15:14:45","modified_gmt":"2024-11-04T15:14:45","slug":"zertifikate","status":"publish","type":"page","link":"https:\/\/kuempers.de\/?page_id=4623","title":{"rendered":"Zertifikate"},"content":{"rendered":"<p><div class=\"fusion-fullwidth fullwidth-box fusion-builder-row-1 has-pattern-background has-mask-background fusion-parallax-none nonhundred-percent-fullwidth non-hundred-percent-height-scrolling\" style=\"--awb-background-blend-mode:overlay;--awb-border-sizes-top:0px;--awb-border-sizes-bottom:0px;--awb-border-sizes-left:0px;--awb-border-sizes-right:0px;--awb-border-radius-top-left:0px;--awb-border-radius-top-right:0px;--awb-border-radius-bottom-right:0px;--awb-border-radius-bottom-left:0px;--awb-padding-top:95px;--awb-padding-bottom:95px;--awb-margin-bottom:0px;--awb-background-color:rgba(10,19,35,0.15);--awb-background-image:url(&quot;https:\/\/kuempers.de\/wp-content\/uploads\/2023\/10\/Textil_2.jpg&quot;);--awb-background-size:cover;--awb-flex-wrap:wrap;\" ><div class=\"fusion-builder-row fusion-row\"><div class=\"fusion-layout-column fusion_builder_column fusion-builder-column-0 fusion_builder_column_1_5 1_5 fusion-one-fifth fusion-column-first\" style=\"--awb-bg-size:cover;width:20%;width:calc(20% - ( ( 4% + 4% ) * 0.2 ) );margin-right: 4%;\"><div class=\"fusion-column-wrapper fusion-column-has-shadow fusion-flex-column-wrapper-legacy\"><div class=\"fusion-clearfix\"><\/div><\/div><\/div><div class=\"fusion-layout-column fusion_builder_column fusion-builder-column-1 fusion_builder_column_3_5 3_5 fusion-three-fifth fusion-column-no-min-height\" style=\"--awb-bg-color:rgba(0,0,0,0.62);--awb-bg-color-hover:rgba(0,0,0,0.62);--awb-bg-blend:overlay;--awb-bg-size:cover;--awb-margin-bottom:0px;width:60%;width:calc(60% - ( ( 4% + 4% ) * 0.6 ) );margin-right: 4%;\"><div class=\"fusion-column-wrapper fusion-column-has-shadow fusion-flex-column-wrapper-legacy\"><div class=\"fusion-title title fusion-title-1 fusion-title-center fusion-title-text fusion-title-size-two\" style=\"--awb-text-color:#ffffff;\"><div class=\"title-sep-container title-sep-container-left\"><div class=\"title-sep sep- sep-solid\" style=\"border-color:#e2e2e2;\"><\/div><\/div><span class=\"awb-title-spacer\"><\/span><h2 class=\"fusion-title-heading title-heading-center fusion-responsive-typography-calculated\" style=\"margin:0;--fontSize:48;line-height:1.2;\">Zertifizierte Qualit\u00e4t<\/h2><span class=\"awb-title-spacer\"><\/span><div class=\"title-sep-container title-sep-container-right\"><div class=\"title-sep sep- sep-solid\" style=\"border-color:#e2e2e2;\"><\/div><\/div><\/div><div class=\"fusion-text fusion-text-1\"><p style=\"font-size: 20px; color: #94c11f; letter-spacing: 2px; text-align: center;\"><span style=\"font-size: 20px; letter-spacing: 2px;\" data-fusion-font=\"true\">ISO 9001 | ISO 50001 | ISO 14001 | ISO 16949<br \/>\n<\/span><\/p>\n<\/div><div class=\"fusion-clearfix\"><\/div><\/div><\/div><div class=\"fusion-layout-column fusion_builder_column fusion-builder-column-2 fusion_builder_column_1_5 1_5 fusion-one-fifth fusion-column-last\" style=\"--awb-bg-size:cover;width:20%;width:calc(20% - ( ( 4% + 4% ) * 0.2 ) );\"><div class=\"fusion-column-wrapper fusion-column-has-shadow fusion-flex-column-wrapper-legacy\"><div class=\"fusion-clearfix\"><\/div><\/div><\/div><\/div><\/div><div id=\"zertifikate\" class=\"fusion-container-anchor\"><div class=\"fusion-fullwidth fullwidth-box fusion-builder-row-2 nonhundred-percent-fullwidth non-hundred-percent-height-scrolling fusion-equal-height-columns\" style=\"--awb-border-sizes-top:0px;--awb-border-sizes-bottom:0px;--awb-border-sizes-left:0px;--awb-border-sizes-right:0px;--awb-border-radius-top-left:0px;--awb-border-radius-top-right:0px;--awb-border-radius-bottom-right:0px;--awb-border-radius-bottom-left:0px;--awb-padding-top:80px;--awb-padding-bottom:0px;--awb-margin-bottom:0px;--awb-flex-wrap:wrap;\" ><div class=\"fusion-builder-row fusion-row\"><div class=\"fusion-layout-column fusion_builder_column fusion-builder-column-3 fusion_builder_column_1_2 1_2 fusion-one-half fusion-column-first fusion-column-no-min-height\" style=\"--awb-bg-size:cover;width:48%; margin-right: 4%;\"><div class=\"fusion-column-wrapper fusion-column-has-shadow fusion-flex-column-wrapper-legacy\"><div class=\"fusion-text fusion-text-2\"><p style=\"letter-spacing: 3px;\">ZERTIFIZIERT<\/p>\n<\/div><div class=\"fusion-title title fusion-title-2 fusion-title-text fusion-title-size-two\"><h2 class=\"fusion-title-heading title-heading-left fusion-responsive-typography-calculated\" style=\"margin:0;--fontSize:48;line-height:1.2;\">Ihr Partner f\u00fcr Faserbasierte Materialien.<\/h2><span class=\"awb-title-spacer\"><\/span><div class=\"title-sep-container\"><div class=\"title-sep sep- sep-solid\" style=\"border-color:#e2e2e2;\"><\/div><\/div><\/div><div class=\"fusion-clearfix\"><\/div><\/div><\/div><div class=\"fusion-layout-column fusion_builder_column fusion-builder-column-4 fusion_builder_column_1_2 1_2 fusion-one-half fusion-column-last\" style=\"--awb-bg-size:cover;width:48%;\"><div class=\"fusion-column-wrapper fusion-flex-column-wrapper-legacy\"><div class=\"fusion-text fusion-text-3\"><p>Ihr Partner f\u00fcr Faserbasierte Materialien.<br \/>\nTechnische Garne, Technische Gewebe, Handtuchrollen und Composite Materials: f\u00fcr jeden Produktbereich liefern wir ma\u00dfgeschneidert kundenbezogene L\u00f6sungen.<\/p>\n<\/div><div class=\"fusion-clearfix\"><\/div><\/div><\/div><\/div><\/div><\/div><div id=\"zertifikate\" class=\"fusion-container-anchor\"><div class=\"fusion-fullwidth fullwidth-box fusion-builder-row-3 nonhundred-percent-fullwidth non-hundred-percent-height-scrolling fusion-equal-height-columns\" style=\"--awb-border-sizes-top:0px;--awb-border-sizes-bottom:0px;--awb-border-sizes-left:0px;--awb-border-sizes-right:0px;--awb-border-radius-top-left:0px;--awb-border-radius-top-right:0px;--awb-border-radius-bottom-right:0px;--awb-border-radius-bottom-left:0px;--awb-padding-top:80px;--awb-padding-bottom:0px;--awb-margin-bottom:0px;--awb-flex-wrap:wrap;\" ><div class=\"fusion-builder-row fusion-row\"><div class=\"fusion-layout-column fusion_builder_column fusion-builder-column-5 fusion_builder_column_1_1 1_1 fusion-one-full fusion-column-first fusion-column-last fusion-column-no-min-height\" style=\"--awb-bg-size:cover;\"><div class=\"fusion-column-wrapper fusion-column-has-shadow fusion-flex-column-wrapper-legacy\"><div class=\"fusion-form fusion-form-builder fusion-form-form-wrapper fusion-form-4622\" style=\"--awb-tooltip-text-color:#ffffff;--awb-tooltip-background-color:#333333;\" data-form-id=\"4622\" data-config=\"{&quot;form_id&quot;:4622,&quot;form_post_id&quot;:4622,&quot;post_id&quot;:4623,&quot;form_type&quot;:&quot;ajax&quot;,&quot;confirmation_type&quot;:&quot;message&quot;,&quot;redirect_url&quot;:&quot;&quot;,&quot;field_labels&quot;:{&quot;mail&quot;:&quot;Email&quot;,&quot;firmaname&quot;:&quot;Firma&quot;,&quot;zertifikat&quot;:&quot;Zertifikat&quot;},&quot;field_logics&quot;:{&quot;mail&quot;:&quot;&quot;,&quot;firmaname&quot;:&quot;&quot;,&quot;zertifikat&quot;:&quot;&quot;,&quot;notice_1&quot;:&quot;&quot;},&quot;field_types&quot;:{&quot;mail&quot;:&quot;email&quot;,&quot;firmaname&quot;:&quot;text&quot;,&quot;zertifikat&quot;:&quot;checkbox&quot;,&quot;submit_1&quot;:&quot;submit&quot;,&quot;notice_1&quot;:&quot;notice&quot;},&quot;nonce_method&quot;:&quot;ajax&quot;}\"><form action=\"https:\/\/kuempers.de\/?page_id=4623\" method=\"post\" class=\"fusion-form fusion-form-4622\"><div class=\"fusion-fullwidth fullwidth-box fusion-builder-row-3-1 fusion-flex-container has-pattern-background has-mask-background nonhundred-percent-fullwidth non-hundred-percent-height-scrolling\" style=\"--awb-border-radius-top-left:0px;--awb-border-radius-top-right:0px;--awb-border-radius-bottom-right:0px;--awb-border-radius-bottom-left:0px;--awb-flex-wrap:wrap;\" ><div class=\"fusion-builder-row fusion-row fusion-flex-align-items-flex-start fusion-flex-content-wrap\" style=\"width:104% !important;max-width:104% !important;margin-left: calc(-4% \/ 2 );margin-right: calc(-4% \/ 2 );\"><div class=\"fusion-layout-column fusion_builder_column fusion-builder-column-6 fusion_builder_column_1_1 1_1 fusion-flex-column\" style=\"--awb-bg-size:cover;--awb-width-large:100%;--awb-margin-top-large:0px;--awb-spacing-right-large:1.92%;--awb-margin-bottom-large:20px;--awb-spacing-left-large:1.92%;--awb-width-medium:100%;--awb-order-medium:0;--awb-spacing-right-medium:1.92%;--awb-spacing-left-medium:1.92%;--awb-width-small:100%;--awb-order-small:0;--awb-spacing-right-small:1.92%;--awb-spacing-left-small:1.92%;\"><div class=\"fusion-column-wrapper fusion-column-has-shadow fusion-flex-justify-content-flex-start fusion-content-layout-column\"><div class=\"fusion-form-field fusion-form-email-field fusion-form-label-above\" style=\"\" data-form-id=\"4622\"><div class=\"fusion-form-label-wrapper\"><label for=\"mail\">Email <abbr class=\"fusion-form-element-required\" title=\"required\">*<\/abbr><\/label><\/div><div class=\"fusion-form-input-with-icon\"><i class=\"awb-form-icon fa-envelope fas\"><\/i><input type=\"email\"  data-empty-notice=\"Email Feld darf nicht leer sein!\" name=\"mail\" id=\"mail\" value=\"\"  class=\"fusion-form-input\" required=\"true\" aria-required=\"true\" data-holds-private-data=\"false\"\/><\/div><\/div><div class=\"fusion-form-field fusion-form-text-field fusion-form-label-above\" style=\"\" data-form-id=\"4622\"><div class=\"fusion-form-label-wrapper\"><label for=\"firmaname\">Firma <abbr class=\"fusion-form-element-required\" title=\"required\">*<\/abbr><\/label><\/div><div class=\"fusion-form-input-with-icon\"><i class=\"awb-form-icon fa-address-card fas\"><\/i><input type=\"text\"  data-empty-notice=\"Feld darf nicht leer sein!\" name=\"firmaname\" id=\"firmaname\" value=\"\"  class=\"fusion-form-input\" required=\"true\" aria-required=\"true\" data-holds-private-data=\"false\" minlength=\"0\"\/><\/div><\/div><div class=\"fusion-form-field fusion-form-checkbox-field fusion-form-label-above\" style=\"\" data-form-id=\"4622\"><div class=\"fusion-form-label-wrapper\"><span class=\"label\">Zertifikat <abbr class=\"fusion-form-element-required\" title=\"Bitte gew\u00fcnschtes Zertifikat ausw\u00e4hlen!\">*<\/abbr><\/span><\/div><fieldset data-awb-fieldset-min-required=\"1\" data-awb-fieldset-max-required=\"0\" data-awb-fieldset-error=\"Bitte gew\u00fcnschtes Zertifikat ausw\u00e4hlen!\"><div class=\"fusion-form-checkbox\"><input data-empty-notice=\"Bitte gew\u00fcnschtes Zertifikat ausw\u00e4hlen!\" tabindex=\"\" id=\"checkbox-zertifikat-1-0\" type=\"checkbox\" value=\"ISO 9001\" name=\"zertifikat[]\" class=\"fusion-form-input\" data-holds-private-data=\"false\"\/><label for=\"checkbox-zertifikat-1-0\">ISO 9001<\/label><\/div><div class=\"fusion-form-checkbox\"><input data-empty-notice=\"Bitte gew\u00fcnschtes Zertifikat ausw\u00e4hlen!\" tabindex=\"\" id=\"checkbox-zertifikat-1-1\" type=\"checkbox\" value=\"ISO 50001\" name=\"zertifikat[]\" class=\"fusion-form-input\" data-holds-private-data=\"false\"\/><label for=\"checkbox-zertifikat-1-1\">ISO 50001<\/label><\/div><div class=\"fusion-form-checkbox\"><input data-empty-notice=\"Bitte gew\u00fcnschtes Zertifikat ausw\u00e4hlen!\" tabindex=\"\" id=\"checkbox-zertifikat-1-2\" type=\"checkbox\" value=\"ISO 14001\" name=\"zertifikat[]\" class=\"fusion-form-input\" data-holds-private-data=\"false\"\/><label for=\"checkbox-zertifikat-1-2\">ISO 14001<\/label><\/div><div class=\"fusion-form-checkbox\"><input data-empty-notice=\"Bitte gew\u00fcnschtes Zertifikat ausw\u00e4hlen!\" tabindex=\"\" id=\"checkbox-zertifikat-1-3\" type=\"checkbox\" value=\"IATF 16949\" name=\"zertifikat[]\" class=\"fusion-form-input\" data-holds-private-data=\"false\"\/><label for=\"checkbox-zertifikat-1-3\">IATF 16949<\/label><\/div><\/fieldset><\/div><div class=\"fusion-form-field fusion-form-submit-field fusion-form-label-above\" style=\"\" data-form-id=\"4622\"><div style=\"text-align:center;\"><button type=\"submit\" class=\"fusion-button button-flat button-xlarge button-default fusion-button-default button-1 fusion-button-default-span  form-form-submit button-default\" style=\"--button-border-radius-top-left:0;--button-border-radius-top-right:0;--button-border-radius-bottom-right:0;--button-border-radius-bottom-left:0;\" data-form-number=\"4622\" tabindex=\"\"><span class=\"fusion-button-text\">Absenden<\/span><\/button><\/div><\/div><div class=\"form-submission-notices data-notice_1\" id=\"fusion-notices-1\"><div class=\"fusion-alert alert success alert-success fusion-alert-center fusion-form-response fusion-form-response-success fusion-alert-capitalize awb-alert-native-link-color alert-dismissable awb-alert-close-boxed\" role=\"alert\"><div class=\"fusion-alert-content-wrapper\"><span class=\"alert-icon\"><i class=\"awb-icon-check-circle\" aria-hidden=\"true\"><\/i><\/span><span class=\"fusion-alert-content\">Ihre Anfrage wurde erfolgreich versendet.<\/span><\/div><button type=\"button\" class=\"close toggle-alert\" data-dismiss=\"alert\" aria-label=\"Close\">&times;<\/button><\/div><div class=\"fusion-alert alert error alert-danger fusion-alert-center fusion-form-response fusion-form-response-error fusion-alert-capitalize awb-alert-native-link-color alert-dismissable awb-alert-close-boxed\" role=\"alert\"><div class=\"fusion-alert-content-wrapper\"><span class=\"alert-icon\"><i class=\"awb-icon-exclamation-triangle\" aria-hidden=\"true\"><\/i><\/span><span class=\"fusion-alert-content\">Etwas ist schiefgelaufen. Bitte versuchen Sie es erneut.<\/span><\/div><button type=\"button\" class=\"close toggle-alert\" data-dismiss=\"alert\" aria-label=\"Close\">&times;<\/button><\/div><\/div><\/div><\/div><\/div><\/div><\/form><\/div><div class=\"fusion-clearfix\"><\/div><\/div><\/div><\/div><\/div><\/div><div class=\"fusion-fullwidth fullwidth-box fusion-builder-row-4 has-pattern-background has-mask-background fusion-parallax-none nonhundred-percent-fullwidth non-hundred-percent-height-scrolling\" style=\"--awb-background-blend-mode:overlay;--awb-border-sizes-top:0px;--awb-border-sizes-bottom:0px;--awb-border-sizes-left:0px;--awb-border-sizes-right:0px;--awb-border-radius-top-left:0px;--awb-border-radius-top-right:0px;--awb-border-radius-bottom-right:0px;--awb-border-radius-bottom-left:0px;--awb-padding-top:95px;--awb-padding-bottom:95px;--awb-margin-bottom:0px;--awb-background-color:rgba(10,19,35,0.15);--awb-background-image:url(&quot;https:\/\/kuempers.de\/wp-content\/uploads\/2023\/10\/31-u25612-fr.jpg&quot;);--awb-background-size:cover;--awb-flex-wrap:wrap;\" ><div class=\"fusion-builder-row fusion-row\"><div class=\"fusion-layout-column fusion_builder_column fusion-builder-column-7 fusion_builder_column_1_5 1_5 fusion-one-fifth fusion-column-first\" style=\"--awb-bg-size:cover;width:20%;width:calc(20% - ( ( 4% + 4% ) * 0.2 ) );margin-right: 4%;\"><div class=\"fusion-column-wrapper fusion-column-has-shadow fusion-flex-column-wrapper-legacy\"><div class=\"fusion-clearfix\"><\/div><\/div><\/div><div class=\"fusion-layout-column fusion_builder_column fusion-builder-column-8 fusion_builder_column_3_5 3_5 fusion-three-fifth fusion-column-no-min-height\" style=\"--awb-bg-color:rgba(0,0,0,0.62);--awb-bg-color-hover:rgba(0,0,0,0.62);--awb-bg-blend:overlay;--awb-bg-size:cover;--awb-margin-bottom:0px;width:60%;width:calc(60% - ( ( 4% + 4% ) * 0.6 ) );margin-right: 4%;\"><div class=\"fusion-column-wrapper fusion-column-has-shadow fusion-flex-column-wrapper-legacy\"><div class=\"fusion-title title fusion-title-3 fusion-title-center fusion-title-text fusion-title-size-two\" style=\"--awb-text-color:#ffffff;\"><div class=\"title-sep-container title-sep-container-left\"><div class=\"title-sep sep- sep-solid\" style=\"border-color:#e2e2e2;\"><\/div><\/div><span class=\"awb-title-spacer\"><\/span><h2 class=\"fusion-title-heading title-heading-center fusion-responsive-typography-calculated\" style=\"margin:0;--fontSize:48;line-height:1.2;\">Zertifizierte Qualit\u00e4t<\/h2><span class=\"awb-title-spacer\"><\/span><div class=\"title-sep-container title-sep-container-right\"><div class=\"title-sep sep- sep-solid\" style=\"border-color:#e2e2e2;\"><\/div><\/div><\/div><div class=\"fusion-text fusion-text-4\"><p style=\"font-size: 20px; color: #94c11f; letter-spacing: 2px; text-align: center;\"><span style=\"font-size: 20px; letter-spacing: 2px;\" data-fusion-font=\"true\">ISO 9001 | ISO 50001 | ISO 14001 | ISO 16949<br \/>\n<\/span><\/p>\n<\/div><div class=\"fusion-clearfix\"><\/div><\/div><\/div><div class=\"fusion-layout-column fusion_builder_column fusion-builder-column-9 fusion_builder_column_1_5 1_5 fusion-one-fifth fusion-column-last\" style=\"--awb-bg-size:cover;width:20%;width:calc(20% - ( ( 4% + 4% ) * 0.2 ) );\"><div class=\"fusion-column-wrapper fusion-column-has-shadow fusion-flex-column-wrapper-legacy\"><div class=\"fusion-clearfix\"><\/div><\/div><\/div><\/div><\/div><\/p>\n","protected":false},"excerpt":{"rendered":"","protected":false},"author":1,"featured_media":0,"parent":0,"menu_order":0,"comment_status":"closed","ping_status":"closed","template":"100-width.php","meta":{"footnotes":""},"class_list":["post-4623","page","type-page","status-publish","hentry"],"yoast_head":"<!-- This site is optimized with the Yoast SEO plugin v24.7 - https:\/\/yoast.com\/wordpress\/plugins\/seo\/ -->\n<title>Zertifikate - K\u00fcmpers GmbH<\/title>\n<meta name=\"robots\" content=\"index, follow, max-snippet:-1, max-image-preview:large, max-video-preview:-1\" \/>\n<link rel=\"canonical\" href=\"https:\/\/kuempers.de\/?page_id=4623\" \/>\n<meta property=\"og:locale\" content=\"de_DE\" \/>\n<meta property=\"og:type\" content=\"article\" \/>\n<meta property=\"og:title\" content=\"Zertifikate - K\u00fcmpers GmbH\" \/>\n<meta property=\"og:url\" content=\"https:\/\/kuempers.de\/?page_id=4623\" \/>\n<meta property=\"og:site_name\" content=\"K\u00fcmpers GmbH\" \/>\n<meta property=\"article:modified_time\" content=\"2024-11-04T15:14:45+00:00\" \/>\n<meta name=\"twitter:card\" content=\"summary_large_image\" \/>\n<meta name=\"twitter:label1\" content=\"Gesch\u00e4tzte Lesezeit\" \/>\n\t<meta name=\"twitter:data1\" content=\"1\u00a0Minute\" \/>\n<script type=\"application\/ld+json\" class=\"yoast-schema-graph\">{\"@context\":\"https:\/\/schema.org\",\"@graph\":[{\"@type\":\"WebPage\",\"@id\":\"https:\/\/kuempers.de\/?page_id=4623\",\"url\":\"https:\/\/kuempers.de\/?page_id=4623\",\"name\":\"Zertifikate - K\u00fcmpers GmbH\",\"isPartOf\":{\"@id\":\"https:\/\/kuempers.de\/#website\"},\"datePublished\":\"2023-11-21T14:35:24+00:00\",\"dateModified\":\"2024-11-04T15:14:45+00:00\",\"breadcrumb\":{\"@id\":\"https:\/\/kuempers.de\/?page_id=4623#breadcrumb\"},\"inLanguage\":\"de\",\"potentialAction\":[{\"@type\":\"ReadAction\",\"target\":[\"https:\/\/kuempers.de\/?page_id=4623\"]}]},{\"@type\":\"BreadcrumbList\",\"@id\":\"https:\/\/kuempers.de\/?page_id=4623#breadcrumb\",\"itemListElement\":[{\"@type\":\"ListItem\",\"position\":1,\"name\":\"Startseite\",\"item\":\"https:\/\/kuempers.de\/\"},{\"@type\":\"ListItem\",\"position\":2,\"name\":\"Zertifikate\"}]},{\"@type\":\"WebSite\",\"@id\":\"https:\/\/kuempers.de\/#website\",\"url\":\"https:\/\/kuempers.de\/\",\"name\":\"K\u00fcmpers GmbH\",\"description\":\"\",\"publisher\":{\"@id\":\"https:\/\/kuempers.de\/#organization\"},\"potentialAction\":[{\"@type\":\"SearchAction\",\"target\":{\"@type\":\"EntryPoint\",\"urlTemplate\":\"https:\/\/kuempers.de\/?s={search_term_string}\"},\"query-input\":{\"@type\":\"PropertyValueSpecification\",\"valueRequired\":true,\"valueName\":\"search_term_string\"}}],\"inLanguage\":\"de\"},{\"@type\":\"Organization\",\"@id\":\"https:\/\/kuempers.de\/#organization\",\"name\":\"K\u00fcmpers GmbH\",\"url\":\"https:\/\/kuempers.de\/\",\"logo\":{\"@type\":\"ImageObject\",\"inLanguage\":\"de\",\"@id\":\"https:\/\/kuempers.de\/#\/schema\/logo\/image\/\",\"url\":\"https:\/\/kuempers.de\/wp-content\/uploads\/2023\/10\/logo.png\",\"contentUrl\":\"https:\/\/kuempers.de\/wp-content\/uploads\/2023\/10\/logo.png\",\"width\":270,\"height\":55,\"caption\":\"K\u00fcmpers GmbH\"},\"image\":{\"@id\":\"https:\/\/kuempers.de\/#\/schema\/logo\/image\/\"},\"sameAs\":[\"https:\/\/www.linkedin.com\/company\/kmpers-textil-gmbh?trk=public_profile_topcard-current-company\"]}]}<\/script>\n<!-- \/ Yoast SEO plugin. -->","yoast_head_json":{"title":"Zertifikate - K\u00fcmpers GmbH","robots":{"index":"index","follow":"follow","max-snippet":"max-snippet:-1","max-image-preview":"max-image-preview:large","max-video-preview":"max-video-preview:-1"},"canonical":"https:\/\/kuempers.de\/?page_id=4623","og_locale":"de_DE","og_type":"article","og_title":"Zertifikate - K\u00fcmpers GmbH","og_url":"https:\/\/kuempers.de\/?page_id=4623","og_site_name":"K\u00fcmpers GmbH","article_modified_time":"2024-11-04T15:14:45+00:00","twitter_card":"summary_large_image","twitter_misc":{"Gesch\u00e4tzte Lesezeit":"1\u00a0Minute"},"schema":{"@context":"https:\/\/schema.org","@graph":[{"@type":"WebPage","@id":"https:\/\/kuempers.de\/?page_id=4623","url":"https:\/\/kuempers.de\/?page_id=4623","name":"Zertifikate - K\u00fcmpers GmbH","isPartOf":{"@id":"https:\/\/kuempers.de\/#website"},"datePublished":"2023-11-21T14:35:24+00:00","dateModified":"2024-11-04T15:14:45+00:00","breadcrumb":{"@id":"https:\/\/kuempers.de\/?page_id=4623#breadcrumb"},"inLanguage":"de","potentialAction":[{"@type":"ReadAction","target":["https:\/\/kuempers.de\/?page_id=4623"]}]},{"@type":"BreadcrumbList","@id":"https:\/\/kuempers.de\/?page_id=4623#breadcrumb","itemListElement":[{"@type":"ListItem","position":1,"name":"Startseite","item":"https:\/\/kuempers.de\/"},{"@type":"ListItem","position":2,"name":"Zertifikate"}]},{"@type":"WebSite","@id":"https:\/\/kuempers.de\/#website","url":"https:\/\/kuempers.de\/","name":"K\u00fcmpers GmbH","description":"","publisher":{"@id":"https:\/\/kuempers.de\/#organization"},"potentialAction":[{"@type":"SearchAction","target":{"@type":"EntryPoint","urlTemplate":"https:\/\/kuempers.de\/?s={search_term_string}"},"query-input":{"@type":"PropertyValueSpecification","valueRequired":true,"valueName":"search_term_string"}}],"inLanguage":"de"},{"@type":"Organization","@id":"https:\/\/kuempers.de\/#organization","name":"K\u00fcmpers GmbH","url":"https:\/\/kuempers.de\/","logo":{"@type":"ImageObject","inLanguage":"de","@id":"https:\/\/kuempers.de\/#\/schema\/logo\/image\/","url":"https:\/\/kuempers.de\/wp-content\/uploads\/2023\/10\/logo.png","contentUrl":"https:\/\/kuempers.de\/wp-content\/uploads\/2023\/10\/logo.png","width":270,"height":55,"caption":"K\u00fcmpers GmbH"},"image":{"@id":"https:\/\/kuempers.de\/#\/schema\/logo\/image\/"},"sameAs":["https:\/\/www.linkedin.com\/company\/kmpers-textil-gmbh?trk=public_profile_topcard-current-company"]}]}},"_links":{"self":[{"href":"https:\/\/kuempers.de\/index.php?rest_route=\/wp\/v2\/pages\/4623","targetHints":{"allow":["GET"]}}],"collection":[{"href":"https:\/\/kuempers.de\/index.php?rest_route=\/wp\/v2\/pages"}],"about":[{"href":"https:\/\/kuempers.de\/index.php?rest_route=\/wp\/v2\/types\/page"}],"author":[{"embeddable":true,"href":"https:\/\/kuempers.de\/index.php?rest_route=\/wp\/v2\/users\/1"}],"replies":[{"embeddable":true,"href":"https:\/\/kuempers.de\/index.php?rest_route=%2Fwp%2Fv2%2Fcomments&post=4623"}],"version-history":[{"count":4,"href":"https:\/\/kuempers.de\/index.php?rest_route=\/wp\/v2\/pages\/4623\/revisions"}],"predecessor-version":[{"id":4960,"href":"https:\/\/kuempers.de\/index.php?rest_route=\/wp\/v2\/pages\/4623\/revisions\/4960"}],"wp:attachment":[{"href":"https:\/\/kuempers.de\/index.php?rest_route=%2Fwp%2Fv2%2Fmedia&parent=4623"}],"curies":[{"name":"wp","href":"https:\/\/api.w.org\/{rel}","templated":true}]}}